{"id":101,"date":"2018-02-10T11:06:20","date_gmt":"2018-02-10T10:06:20","guid":{"rendered":"http:\/\/hoechel.com\/?page_id=101"},"modified":"2018-02-10T17:51:55","modified_gmt":"2018-02-10T16:51:55","slug":"neuraltherapie-quellgastherapie","status":"publish","type":"page","link":"https:\/\/www.hoechel.com\/?page_id=101","title":{"rendered":"Neuraltherapie \/Quellgastherapie"},"content":{"rendered":"<p>Diese Therapie ist eine von Dr. F. Huneke in den zwanziger Jahren entwickelte und in der Medizin eingef\u00fchrte spezielle Behandlungsform zur Beeinflussung erkrankter Organsysteme \u00fcber gezielte Injektionen, die sich deutlich von der einfachen Infiltrationsan\u00e4sthesie zur Schmerzbehandlung unterscheidet.<br \/>\nF\u00fcr die klassische Behandlung wird statt der modernen Lidocainderivate noch heute das von Huneke verwendete Procain benutzt. Nach einer genauen Untersuchung und Befragung werden, je nach Indikation und Konstitution, Injektionen an verschiedenen Stellen durchgef\u00fchrt, die in keiner direkten anatomischen Beziehung zum Ursprungsort der Beschwerden liegen (Fernbehandlung)<\/p>\n<p>Parallel dazu werden i.d.R. Stellen infiltriert, die in direkter r\u00e4umlicher N\u00e4he zum jeweiligen Organ oder Ort des Geschehens (St\u00f6rfeld) liegen.<br \/>\nDie St\u00f6rfeldtheorie besagt, dass krankhafte Prozesse in einem Organ, Entz\u00fcndungen oder Verletzungen st\u00f6rende Impulse an ganz andere Stellen des Organismus senden.<\/p>\n<p>Weiterhin werden bestimmte in den Muskeln gelegene &#8222;Triggerpunkte&#8220; in das Konzept dieser ganzheitlichen Therapieform eingebunden.<\/p>\n<p>Die Quellgastherapie ist eine weitere M\u00f6glichkeit der Schmerztherapie, die \u00fcber \u00e4hnliche Mechanismen wie die Neuraltherapie wirksam ist.<\/p>\n<p>Eine gute medizinische Ausbildung ist f\u00fcr die erfolgreiche Anwendung genauso wichtig, wie eine ausreichende Erfahrung.<br \/>\nWie in anderen europ\u00e4ischen Staaten auch, werden von der Deutschen Gesellschaft f\u00fcr Akupunktur und Neuraltherapie nur approbierte \u00c4rzte ausgebildet.<\/p>\n<p>Wobei ist Neuraltherapie sinnvoll und vorteilhaft ?<br \/>\nArthritis, Arthrosen<br \/>\nBandscheibenbeschwerden<br \/>\nNeuralgien<br \/>\nRheuma<br \/>\nakute und chronische Infektionen Migr\u00e4ne<br \/>\nTinnitus<br \/>\nMuskelerkrankungen<br \/>\nDurchblutungsst\u00f6rungen<br \/>\nMagen-Darm-Erkrankungen<\/p>\n","protected":false},"excerpt":{"rendered":"<p>Diese Therapie ist eine von Dr. F. Huneke in den zwanziger Jahren entwickelte und in der Medizin eingef\u00fchrte spezielle Behandlungsform zur Beeinflussung erkrankter Organsysteme \u00fcber gezielte Injektionen, die sich deutlich von der einfachen Infiltrationsan\u00e4sthesie zur Schmerzbehandlung unterscheidet. F\u00fcr die klassische Behandlung wird statt der modernen Lidocainderivate noch heute das von Huneke verwendete Procain benutzt. Nach &hellip; <\/p>\n<p class=\"link-more\"><a href=\"https:\/\/www.hoechel.com\/?page_id=101\" class=\"more-link\"><span class=\"screen-reader-text\">\u201eNeuraltherapie \/Quellgastherapie\u201c<\/span> weiterlesen<\/a><\/p>\n","protected":false},"author":3,"featured_media":44,"parent":90,"menu_order":0,"comment_status":"closed","ping_status":"closed","template":"","meta":{"footnotes":""},"class_list":["post-101","page","type-page","status-publish","has-post-thumbnail","hentry"],"_links":{"self":[{"href":"https:\/\/www.hoechel.com\/index.php?rest_route=\/wp\/v2\/pages\/101","targetHints":{"allow":["GET"]}}],"collection":[{"href":"https:\/\/www.hoechel.com\/index.php?rest_route=\/wp\/v2\/pages"}],"about":[{"href":"https:\/\/www.hoechel.com\/index.php?rest_route=\/wp\/v2\/types\/page"}],"author":[{"embeddable":true,"href":"https:\/\/www.hoechel.com\/index.php?rest_route=\/wp\/v2\/users\/3"}],"replies":[{"embeddable":true,"href":"https:\/\/www.hoechel.com\/index.php?rest_route=%2Fwp%2Fv2%2Fcomments&post=101"}],"version-history":[{"count":1,"href":"https:\/\/www.hoechel.com\/index.php?rest_route=\/wp\/v2\/pages\/101\/revisions"}],"predecessor-version":[{"id":102,"href":"https:\/\/www.hoechel.com\/index.php?rest_route=\/wp\/v2\/pages\/101\/revisions\/102"}],"up":[{"embeddable":true,"href":"https:\/\/www.hoechel.com\/index.php?rest_route=\/wp\/v2\/pages\/90"}],"wp:featuredmedia":[{"embeddable":true,"href":"https:\/\/www.hoechel.com\/index.php?rest_route=\/wp\/v2\/media\/44"}],"wp:attachment":[{"href":"https:\/\/www.hoechel.com\/index.php?rest_route=%2Fwp%2Fv2%2Fmedia&parent=101"}],"curies":[{"name":"wp","href":"https:\/\/api.w.org\/{rel}","templated":true}]}}