{"id":103,"date":"2018-02-10T11:07:17","date_gmt":"2018-02-10T10:07:17","guid":{"rendered":"http:\/\/hoechel.com\/?page_id=103"},"modified":"2018-02-10T11:09:31","modified_gmt":"2018-02-10T10:09:31","slug":"schmerztherapie-mit-dem-co2-gas-insufflationsgeraet-quellgas","status":"publish","type":"page","link":"https:\/\/www.hoechel.com\/?page_id=103","title":{"rendered":"Quellgas-Therapie"},"content":{"rendered":"<p>CO2 &#8211; ein nat\u00fcrliches Heilmittel<\/p>\n<p>Bei CO2 handelt es sich um eink\u00f6rpereigenes Stoffwechselprodukt. Es entsteht bei der Verdauung von Kohlenwasserstoffen aus der Nahrung. Im Zellstoffwechsel der K\u00f6rperzellen werden diese Kohlenwasserstoffe mit dem eingeatmeten Sauerstoff zu Wasser und Kohlendioxid verbunden.<\/p>\n<p>Bei der CO2-Insufflationsmethode wird medizinisch reines CO2 unter die Haut gespritzt.<br \/>\nEs entsteht auf diese Weise eine \u00f6rtlich begrenzte erh\u00f6hte CO2-Konzentration.<br \/>\nDieses CO2 wird sehr schnell an Zell- und Bluteiwei\u00df gebunden, mit dem Blutstrom zur Lunge transprortiert und dort ausgeatmet. Negative Folgen oder Komplikationen treten nicht auf, da es sich bei CO2 um ein k\u00f6rpereignes Stoffwechselprodukt handelt und nur die \u00c4nderung der Konzentration dieses nat\u00fcrlichen &#8222;Heilmittels zur Behandlung genutzt wird.<\/p>\n<p>Wie wirkt CO2 auf den Organismus ?<\/p>\n<p>Durch die Einspritzung von CO2-Gas unter die Haut kommt es zu einer Steigerung der lokalen Durchblutung, sichtbar durch eine R\u00f6tung der Haut. Die durchblutungsf\u00f6rdernde und schmerzlindernde Wirkung des CO2-Gases konnte bei folgenden Krankheitsbildern bisher erfolgreich eingesetzt werden:<br \/>\nMigr\u00e4ne<br \/>\nNacken und Kopfschmerzen<br \/>\nfunktionelle R\u00fcckenschmerzen<br \/>\nKniegelenkarthrose<br \/>\nDurchblutungsst\u00f6rungen<\/p>\n<p>Anwendung<\/p>\n<p>Die \u00f6rtliche CO2-Gas-Insufflation ist eine risikoarme und physiologisch unbedenkliche Methode.<br \/>\nMit einer d\u00fcnnen Kan\u00fcle wird CO2 direkt unter die Haut gespritzt. Der Patient versp\u00fcrt w\u00e4hrend der Einspritzung ein leichtes Brennen, das aber sofort wieder verschwindet. Durch die Steigerung der Durchblutung breitet sich anschlie\u00dfend ein wohltuendes W\u00e4rmegef\u00fchl im Insufflationsbereich aus.<\/p>\n","protected":false},"excerpt":{"rendered":"<p>CO2 &#8211; ein nat\u00fcrliches Heilmittel Bei CO2 handelt es sich um eink\u00f6rpereigenes Stoffwechselprodukt. Es entsteht bei der Verdauung von Kohlenwasserstoffen aus der Nahrung. Im Zellstoffwechsel der K\u00f6rperzellen werden diese Kohlenwasserstoffe mit dem eingeatmeten Sauerstoff zu Wasser und Kohlendioxid verbunden. Bei der CO2-Insufflationsmethode wird medizinisch reines CO2 unter die Haut gespritzt. Es entsteht auf diese Weise &hellip; <\/p>\n<p class=\"link-more\"><a href=\"https:\/\/www.hoechel.com\/?page_id=103\" class=\"more-link\"><span class=\"screen-reader-text\">\u201eQuellgas-Therapie\u201c<\/span> weiterlesen<\/a><\/p>\n","protected":false},"author":3,"featured_media":0,"parent":90,"menu_order":0,"comment_status":"closed","ping_status":"closed","template":"","meta":{"footnotes":""},"class_list":["post-103","page","type-page","status-publish","hentry"],"_links":{"self":[{"href":"https:\/\/www.hoechel.com\/index.php?rest_route=\/wp\/v2\/pages\/103","targetHints":{"allow":["GET"]}}],"collection":[{"href":"https:\/\/www.hoechel.com\/index.php?rest_route=\/wp\/v2\/pages"}],"about":[{"href":"https:\/\/www.hoechel.com\/index.php?rest_route=\/wp\/v2\/types\/page"}],"author":[{"embeddable":true,"href":"https:\/\/www.hoechel.com\/index.php?rest_route=\/wp\/v2\/users\/3"}],"replies":[{"embeddable":true,"href":"https:\/\/www.hoechel.com\/index.php?rest_route=%2Fwp%2Fv2%2Fcomments&post=103"}],"version-history":[{"count":2,"href":"https:\/\/www.hoechel.com\/index.php?rest_route=\/wp\/v2\/pages\/103\/revisions"}],"predecessor-version":[{"id":105,"href":"https:\/\/www.hoechel.com\/index.php?rest_route=\/wp\/v2\/pages\/103\/revisions\/105"}],"up":[{"embeddable":true,"href":"https:\/\/www.hoechel.com\/index.php?rest_route=\/wp\/v2\/pages\/90"}],"wp:attachment":[{"href":"https:\/\/www.hoechel.com\/index.php?rest_route=%2Fwp%2Fv2%2Fmedia&parent=103"}],"curies":[{"name":"wp","href":"https:\/\/api.w.org\/{rel}","templated":true}]}}