{"id":134,"date":"2018-02-10T11:45:38","date_gmt":"2018-02-10T10:45:38","guid":{"rendered":"http:\/\/hoechel.com\/?page_id=134"},"modified":"2021-10-02T21:17:34","modified_gmt":"2021-10-02T19:17:34","slug":"praxisteam","status":"publish","type":"page","link":"https:\/\/www.hoechel.com\/?page_id=134","title":{"rendered":"Praxisteam"},"content":{"rendered":"<p data-wp-editing=\"1\"><img loading=\"lazy\" decoding=\"async\" class=\"alignnone wp-image-309 size-full\" src=\"https:\/\/www.hoechel.com\/wp-content\/uploads\/2021\/10\/team_web.jpg\" alt=\"\" width=\"639\" height=\"300\" srcset=\"https:\/\/www.hoechel.com\/wp-content\/uploads\/2021\/10\/team_web.jpg 639w, https:\/\/www.hoechel.com\/wp-content\/uploads\/2021\/10\/team_web-300x141.jpg 300w\" sizes=\"auto, (max-width: 639px) 100vw, 639px\" \/><\/p>\n<p>In meiner Praxis arbeiten mit mir drei Mitarbeiterinnen, um einen reibungslosen Ablauf von Terminvergabe und Anmeldung bis zur Behandlung zu garantieren.<\/p>\n<p>Kristina H\u00f6chel ist f\u00fcr die Arbeit an der Anmeldung und die Buchf\u00fchrung verantwortlich.<br \/>\n<img loading=\"lazy\" decoding=\"async\" class=\"alignnone wp-image-307 size-medium\" src=\"https:\/\/www.hoechel.com\/wp-content\/uploads\/2021\/10\/Kristina_web-300x300.jpg\" alt=\"\" width=\"300\" height=\"300\" srcset=\"https:\/\/www.hoechel.com\/wp-content\/uploads\/2021\/10\/Kristina_web.jpg 300w, https:\/\/www.hoechel.com\/wp-content\/uploads\/2021\/10\/Kristina_web-150x150.jpg 150w, https:\/\/www.hoechel.com\/wp-content\/uploads\/2021\/10\/Kristina_web-100x100.jpg 100w\" sizes=\"auto, (max-width: 300px) 100vw, 300px\" \/><\/p>\n<p>Heike\u00a0Klug (R\u00f6ntgenassistentin)<br \/>\n<img loading=\"lazy\" decoding=\"async\" class=\"alignnone wp-image-311 size-medium\" src=\"https:\/\/www.hoechel.com\/wp-content\/uploads\/2021\/10\/Heike_web-300x300.jpg\" alt=\"\" width=\"300\" height=\"300\" srcset=\"https:\/\/www.hoechel.com\/wp-content\/uploads\/2021\/10\/Heike_web.jpg 300w, https:\/\/www.hoechel.com\/wp-content\/uploads\/2021\/10\/Heike_web-150x150.jpg 150w, https:\/\/www.hoechel.com\/wp-content\/uploads\/2021\/10\/Heike_web-100x100.jpg 100w\" sizes=\"auto, (max-width: 300px) 100vw, 300px\" \/><\/p>\n<p>Maren Pohl (Arzthelferin)<br \/>\n<img loading=\"lazy\" decoding=\"async\" class=\"alignnone wp-image-306 size-medium\" src=\"https:\/\/www.hoechel.com\/wp-content\/uploads\/2021\/10\/Maren_web-300x300.jpg\" alt=\"\" width=\"300\" height=\"300\" srcset=\"https:\/\/www.hoechel.com\/wp-content\/uploads\/2021\/10\/Maren_web.jpg 300w, https:\/\/www.hoechel.com\/wp-content\/uploads\/2021\/10\/Maren_web-150x150.jpg 150w, https:\/\/www.hoechel.com\/wp-content\/uploads\/2021\/10\/Maren_web-100x100.jpg 100w\" sizes=\"auto, (max-width: 300px) 100vw, 300px\" \/><\/p>\n","protected":false},"excerpt":{"rendered":"<p>In meiner Praxis arbeiten mit mir drei Mitarbeiterinnen, um einen reibungslosen Ablauf von Terminvergabe und Anmeldung bis zur Behandlung zu garantieren. Kristina H\u00f6chel ist f\u00fcr die Arbeit an der Anmeldung und die Buchf\u00fchrung verantwortlich. Heike\u00a0Klug (R\u00f6ntgenassistentin) Maren Pohl (Arzthelferin)<\/p>\n","protected":false},"author":3,"featured_media":0,"parent":0,"menu_order":0,"comment_status":"closed","ping_status":"closed","template":"","meta":{"footnotes":""},"class_list":["post-134","page","type-page","status-publish","hentry"],"_links":{"self":[{"href":"https:\/\/www.hoechel.com\/index.php?rest_route=\/wp\/v2\/pages\/134","targetHints":{"allow":["GET"]}}],"collection":[{"href":"https:\/\/www.hoechel.com\/index.php?rest_route=\/wp\/v2\/pages"}],"about":[{"href":"https:\/\/www.hoechel.com\/index.php?rest_route=\/wp\/v2\/types\/page"}],"author":[{"embeddable":true,"href":"https:\/\/www.hoechel.com\/index.php?rest_route=\/wp\/v2\/users\/3"}],"replies":[{"embeddable":true,"href":"https:\/\/www.hoechel.com\/index.php?rest_route=%2Fwp%2Fv2%2Fcomments&post=134"}],"version-history":[{"count":10,"href":"https:\/\/www.hoechel.com\/index.php?rest_route=\/wp\/v2\/pages\/134\/revisions"}],"predecessor-version":[{"id":312,"href":"https:\/\/www.hoechel.com\/index.php?rest_route=\/wp\/v2\/pages\/134\/revisions\/312"}],"wp:attachment":[{"href":"https:\/\/www.hoechel.com\/index.php?rest_route=%2Fwp%2Fv2%2Fmedia&parent=134"}],"curies":[{"name":"wp","href":"https:\/\/api.w.org\/{rel}","templated":true}]}}